{"id":10,"date":"2022-04-06T20:45:52","date_gmt":"2022-04-06T23:45:52","guid":{"rendered":"http:\/\/www.secter.unju.edu.ar\/?page_id=10"},"modified":"2022-04-06T20:45:52","modified_gmt":"2022-04-06T23:45:52","slug":"mision-vision","status":"publish","type":"page","link":"http:\/\/www.secter.unju.edu.ar\/index.php\/mision-vision\/","title":{"rendered":"Misi\u00f3n &#8211; Visi\u00f3n"},"content":{"rendered":"\n<p>La Secretar\u00eda de Ciencia y T\u00e9cnica y Estudios Regionales es un \u00f3rgano ejecutivo y asesor, dependiente del Rectorado, creado por Resoluci\u00f3n &#8220;R&#8221; N\u00ba 121-74, encargado de gestionar las actividades de investigaci\u00f3n que se desarrollan en el marco de la Universidad Nacional de Jujuy. Es la unidad responsable de administrar los instrumentos y recursos que inciden en la generaci\u00f3n de conocimientos y de productos tecnol\u00f3gicos, as\u00ed como en la difusi\u00f3n, transferencia y sistematizaci\u00f3n de sus resultados y productos en los \u00e1mbitos productivo, social y cultural de la Regi\u00f3n.<\/p>\n\n\n\n<p>Misi\u00f3n:<\/p>\n\n\n\n<p>Asesorar a Rectorado en materia cient\u00edfico-tecnol\u00f3gica, brindando su apoyo al conjunto de la Universidad, procurando la obtenci\u00f3n de los recursos financieros necesarios, concretando las pol\u00edticas de investigaci\u00f3n fijados por el Consejo Superior, fortaleciendo, preservando y acrecentando los grupos de investigaci\u00f3n.<\/p>\n\n\n\n<p>Funciones:<\/p>\n\n\n\n<p>Asesorar al Rectorado en la determinaci\u00f3n de los objetivos de la pol\u00edtica cient\u00edfica de investigaci\u00f3n.<br>\nReglamentar normativa a efectos de promover las actividades de investigaci\u00f3n dentro de la UNJu, asistido por: Consejo de Ciencia y T\u00e9cnica, Comit\u00e9 de Medio Ambiente, Comit\u00e9 Editor y otras comisiones ad-hoc.<br>\nDirigir el proceso que comprende la convocatoria, presentaci\u00f3n, acreditaci\u00f3n, evaluaci\u00f3n y finalizaci\u00f3n de los proyectos de investigaci\u00f3n que se ejecuten bajo su financiamiento.<br>\nGestionar y realizar el seguimiento del programa de Incentivos Dec. 2427\/93.<br>\nAtender las relaciones de la UNJu con los institutos y unidades dedicados a la investigaci\u00f3n cient\u00edfica y el desarrollo tecnol\u00f3gico.<br>\nFomentar y estimular la investigaci\u00f3n a trav\u00e9s de proyectos que articulen la actividad al interior y entre las unidades acad\u00e9micas de la UNJu.<br>\nArticular los mecanismos de promoci\u00f3n cient\u00edfica y tecnol\u00f3gica.<br>\nEditar las publicaciones cient\u00edficas de temas y autores que representen la actividad de la SECTER y las pol\u00edticas de investigaci\u00f3n de la UNJu.<br>\nEstablecer mecanismos para la incorporaci\u00f3n, est\u00edmulo, reconocimiento y promoci\u00f3n de cient\u00edficos de la UNJu.<br>\nPromover la formaci\u00f3n de nuevos Recursos Humanos para la investigaci\u00f3n cient\u00edfica a trav\u00e9s de su vinculaci\u00f3n con experiencias de excelencia, la evaluaci\u00f3n continua y su inserci\u00f3n en el campo.<br>\nEjercer la presidencia del Consejo de Ciencia y T\u00e9cnica de la UNJu.<br>\nAdministrar la Residencia para docentes de la UNJu.<\/p>\n","protected":false},"excerpt":{"rendered":"<p>La Secretar\u00eda de Ciencia y T\u00e9cnica y Estudios Regionales es un \u00f3rgano ejecutivo y asesor, dependiente del Rectorado, creado por Resoluci\u00f3n &#8220;R&#8221; N\u00ba 121-74, encargado de gestionar las actividades de investigaci\u00f3n que se desarrollan en el marco de la Universidad Nacional de Jujuy. Es la unidad responsable de administrar los instrumentos y recursos que inciden &hellip; <a href=\"http:\/\/www.secter.unju.edu.ar\/index.php\/mision-vision\/\" class=\"more-link\">Continu\u00e1 leyendo <span class=\"screen-reader-text\">Misi\u00f3n &#8211; Visi\u00f3n<\/span> <span class=\"meta-nav\">&rarr;<\/span><\/a><\/p>\n","protected":false},"author":1,"featured_media":0,"parent":0,"menu_order":0,"comment_status":"closed","ping_status":"closed","template":"","meta":{"footnotes":""},"class_list":["post-10","page","type-page","status-publish","hentry"],"_links":{"self":[{"href":"http:\/\/www.secter.unju.edu.ar\/index.php\/wp-json\/wp\/v2\/pages\/10","targetHints":{"allow":["GET"]}}],"collection":[{"href":"http:\/\/www.secter.unju.edu.ar\/index.php\/wp-json\/wp\/v2\/pages"}],"about":[{"href":"http:\/\/www.secter.unju.edu.ar\/index.php\/wp-json\/wp\/v2\/types\/page"}],"author":[{"embeddable":true,"href":"http:\/\/www.secter.unju.edu.ar\/index.php\/wp-json\/wp\/v2\/users\/1"}],"replies":[{"embeddable":true,"href":"http:\/\/www.secter.unju.edu.ar\/index.php\/wp-json\/wp\/v2\/comments?post=10"}],"version-history":[{"count":1,"href":"http:\/\/www.secter.unju.edu.ar\/index.php\/wp-json\/wp\/v2\/pages\/10\/revisions"}],"predecessor-version":[{"id":11,"href":"http:\/\/www.secter.unju.edu.ar\/index.php\/wp-json\/wp\/v2\/pages\/10\/revisions\/11"}],"wp:attachment":[{"href":"http:\/\/www.secter.unju.edu.ar\/index.php\/wp-json\/wp\/v2\/media?parent=10"}],"curies":[{"name":"wp","href":"https:\/\/api.w.org\/{rel}","templated":true}]}}