{"id":12,"date":"2022-04-06T20:55:18","date_gmt":"2022-04-06T23:55:18","guid":{"rendered":"http:\/\/www.secter.unju.edu.ar\/?page_id=12"},"modified":"2022-05-05T19:09:17","modified_gmt":"2022-05-05T22:09:17","slug":"residencia-para-docentes-investigadores","status":"publish","type":"page","link":"http:\/\/www.secter.unju.edu.ar\/index.php\/residencia-para-docentes-investigadores\/","title":{"rendered":"Residencia para Docentes e Investigadores"},"content":{"rendered":"\n<p>El espacio para el alojamiento de Docentes e Investigadores de la UNJu se encuentra en predio del Rectorado, altura Av. Bolivia 1357.<\/p>\n\n\n\n<p>Disponibles:<\/p>\n\n\n\n<p>5 cinco habitaciones<\/p>\n\n\n\n<p>10 plazas<\/p>\n\n\n\n<p>Ba\u00f1os individuales y adaptados para personas con necesidades especiales.<\/p>\n\n\n\n<p>Reglas de admisi\u00f3n, permanencia y salida.<\/p>\n\n\n\n<p>Sistema de reserva y pago <strong>Aqu\u00ed<\/strong><\/p>\n\n\n\n<figure class=\"wp-block-gallery has-nested-images columns-default is-cropped wp-block-gallery-1 is-layout-flex wp-block-gallery-is-layout-flex\">\n<figure class=\"wp-block-image size-large\"><img loading=\"lazy\" decoding=\"async\" width=\"1024\" height=\"768\" data-id=\"201\" src=\"http:\/\/www.secter.unju.edu.ar\/wp-content\/uploads\/2022\/04\/cama-1024x768.jpg\" alt=\"\" class=\"wp-image-201\" srcset=\"http:\/\/www.secter.unju.edu.ar\/wp-content\/uploads\/2022\/04\/cama-1024x768.jpg 1024w, http:\/\/www.secter.unju.edu.ar\/wp-content\/uploads\/2022\/04\/cama-300x225.jpg 300w, http:\/\/www.secter.unju.edu.ar\/wp-content\/uploads\/2022\/04\/cama-768x576.jpg 768w, http:\/\/www.secter.unju.edu.ar\/wp-content\/uploads\/2022\/04\/cama-1536x1152.jpg 1536w, http:\/\/www.secter.unju.edu.ar\/wp-content\/uploads\/2022\/04\/cama-2048x1536.jpg 2048w\" sizes=\"auto, (max-width: 1024px) 100vw, 1024px\" \/><\/figure>\n\n\n\n<figure class=\"wp-block-image size-large\"><img loading=\"lazy\" decoding=\"async\" width=\"1024\" height=\"768\" data-id=\"202\" src=\"http:\/\/www.secter.unju.edu.ar\/wp-content\/uploads\/2022\/04\/cama2-1024x768.jpg\" alt=\"\" class=\"wp-image-202\" srcset=\"http:\/\/www.secter.unju.edu.ar\/wp-content\/uploads\/2022\/04\/cama2-1024x768.jpg 1024w, http:\/\/www.secter.unju.edu.ar\/wp-content\/uploads\/2022\/04\/cama2-300x225.jpg 300w, http:\/\/www.secter.unju.edu.ar\/wp-content\/uploads\/2022\/04\/cama2-768x576.jpg 768w, http:\/\/www.secter.unju.edu.ar\/wp-content\/uploads\/2022\/04\/cama2-1536x1152.jpg 1536w, http:\/\/www.secter.unju.edu.ar\/wp-content\/uploads\/2022\/04\/cama2-2048x1536.jpg 2048w\" sizes=\"auto, (max-width: 1024px) 100vw, 1024px\" \/><\/figure>\n\n\n\n<figure class=\"wp-block-image size-large\"><img loading=\"lazy\" decoding=\"async\" width=\"1024\" height=\"768\" data-id=\"199\" src=\"http:\/\/www.secter.unju.edu.ar\/wp-content\/uploads\/2022\/04\/IMG_20141016_093034-1024x768.jpg\" alt=\"\" class=\"wp-image-199\" srcset=\"http:\/\/www.secter.unju.edu.ar\/wp-content\/uploads\/2022\/04\/IMG_20141016_093034-1024x768.jpg 1024w, http:\/\/www.secter.unju.edu.ar\/wp-content\/uploads\/2022\/04\/IMG_20141016_093034-300x225.jpg 300w, http:\/\/www.secter.unju.edu.ar\/wp-content\/uploads\/2022\/04\/IMG_20141016_093034-768x576.jpg 768w, http:\/\/www.secter.unju.edu.ar\/wp-content\/uploads\/2022\/04\/IMG_20141016_093034-1536x1152.jpg 1536w, http:\/\/www.secter.unju.edu.ar\/wp-content\/uploads\/2022\/04\/IMG_20141016_093034-2048x1536.jpg 2048w\" sizes=\"auto, (max-width: 1024px) 100vw, 1024px\" \/><\/figure>\n\n\n\n<figure class=\"wp-block-image size-large\"><img loading=\"lazy\" decoding=\"async\" width=\"1024\" height=\"908\" data-id=\"200\" src=\"http:\/\/www.secter.unju.edu.ar\/wp-content\/uploads\/2022\/04\/mesa-1024x908.jpg\" alt=\"\" class=\"wp-image-200\" srcset=\"http:\/\/www.secter.unju.edu.ar\/wp-content\/uploads\/2022\/04\/mesa-1024x908.jpg 1024w, http:\/\/www.secter.unju.edu.ar\/wp-content\/uploads\/2022\/04\/mesa-300x266.jpg 300w, http:\/\/www.secter.unju.edu.ar\/wp-content\/uploads\/2022\/04\/mesa-768x681.jpg 768w, http:\/\/www.secter.unju.edu.ar\/wp-content\/uploads\/2022\/04\/mesa-1536x1362.jpg 1536w, http:\/\/www.secter.unju.edu.ar\/wp-content\/uploads\/2022\/04\/mesa-2048x1817.jpg 2048w\" sizes=\"auto, (max-width: 1024px) 100vw, 1024px\" \/><\/figure>\n\n\n\n<figure class=\"wp-block-image size-large\"><img loading=\"lazy\" decoding=\"async\" width=\"1024\" height=\"729\" data-id=\"203\" src=\"http:\/\/www.secter.unju.edu.ar\/wp-content\/uploads\/2022\/04\/salastar-1024x729.jpg\" alt=\"\" class=\"wp-image-203\" srcset=\"http:\/\/www.secter.unju.edu.ar\/wp-content\/uploads\/2022\/04\/salastar-1024x729.jpg 1024w, http:\/\/www.secter.unju.edu.ar\/wp-content\/uploads\/2022\/04\/salastar-300x213.jpg 300w, http:\/\/www.secter.unju.edu.ar\/wp-content\/uploads\/2022\/04\/salastar-768x547.jpg 768w, http:\/\/www.secter.unju.edu.ar\/wp-content\/uploads\/2022\/04\/salastar-1536x1093.jpg 1536w, http:\/\/www.secter.unju.edu.ar\/wp-content\/uploads\/2022\/04\/salastar-2048x1457.jpg 2048w\" sizes=\"auto, (max-width: 1024px) 100vw, 1024px\" \/><\/figure>\n<\/figure>\n\n\n\n<div class=\"wp-block-file\"><a id=\"wp-block-file--media-9b28df5c-65a7-4062-96d4-7e3fe0a557a9\" href=\"http:\/\/www.secter.unju.edu.ar\/wp-content\/uploads\/2022\/04\/PLANILLA-RESERVA-RESIDENCIA-2022.doc\">PLANILLA-RESERVA-RESIDENCIA-2022<\/a><a href=\"http:\/\/www.secter.unju.edu.ar\/wp-content\/uploads\/2022\/04\/PLANILLA-RESERVA-RESIDENCIA-2022.doc\" class=\"wp-block-file__button\" download aria-describedby=\"wp-block-file--media-9b28df5c-65a7-4062-96d4-7e3fe0a557a9\">Descarga<\/a><\/div>\n","protected":false},"excerpt":{"rendered":"<p>El espacio para el alojamiento de Docentes e Investigadores de la UNJu se encuentra en predio del Rectorado, altura Av. Bolivia 1357. Disponibles: 5 cinco habitaciones 10 plazas Ba\u00f1os individuales y adaptados para personas con necesidades especiales. Reglas de admisi\u00f3n, permanencia y salida. Sistema de reserva y pago Aqu\u00ed<\/p>\n","protected":false},"author":1,"featured_media":197,"parent":0,"menu_order":0,"comment_status":"closed","ping_status":"closed","template":"","meta":{"footnotes":""},"class_list":["post-12","page","type-page","status-publish","has-post-thumbnail","hentry"],"_links":{"self":[{"href":"http:\/\/www.secter.unju.edu.ar\/index.php\/wp-json\/wp\/v2\/pages\/12","targetHints":{"allow":["GET"]}}],"collection":[{"href":"http:\/\/www.secter.unju.edu.ar\/index.php\/wp-json\/wp\/v2\/pages"}],"about":[{"href":"http:\/\/www.secter.unju.edu.ar\/index.php\/wp-json\/wp\/v2\/types\/page"}],"author":[{"embeddable":true,"href":"http:\/\/www.secter.unju.edu.ar\/index.php\/wp-json\/wp\/v2\/users\/1"}],"replies":[{"embeddable":true,"href":"http:\/\/www.secter.unju.edu.ar\/index.php\/wp-json\/wp\/v2\/comments?post=12"}],"version-history":[{"count":4,"href":"http:\/\/www.secter.unju.edu.ar\/index.php\/wp-json\/wp\/v2\/pages\/12\/revisions"}],"predecessor-version":[{"id":277,"href":"http:\/\/www.secter.unju.edu.ar\/index.php\/wp-json\/wp\/v2\/pages\/12\/revisions\/277"}],"wp:featuredmedia":[{"embeddable":true,"href":"http:\/\/www.secter.unju.edu.ar\/index.php\/wp-json\/wp\/v2\/media\/197"}],"wp:attachment":[{"href":"http:\/\/www.secter.unju.edu.ar\/index.php\/wp-json\/wp\/v2\/media?parent=12"}],"curies":[{"name":"wp","href":"https:\/\/api.w.org\/{rel}","templated":true}]}}