{"id":7,"date":"2022-04-06T20:44:57","date_gmt":"2022-04-06T23:44:57","guid":{"rendered":"http:\/\/www.secter.unju.edu.ar\/?page_id=7"},"modified":"2022-05-05T18:28:32","modified_gmt":"2022-05-05T21:28:32","slug":"consejos-de-delegado-secter","status":"publish","type":"page","link":"http:\/\/www.secter.unju.edu.ar\/index.php\/consejos-de-delegado-secter\/","title":{"rendered":"Consejo de Ciencia y T\u00e9cnica"},"content":{"rendered":"\n<p>Representantes delegados de las Unidades Acad\u00e9micas y de los Institutos de Investigaci\u00f3n de la UNJu se re\u00fanen peri\u00f3dicamente  para abordar, resolver y llevar a sus unidades e institutos, diversos temas de que hacen a la gesti\u00f3n de los proyectos de investigaci\u00f3n cient\u00edfica. La Comisi\u00f3n sirve de v\u00ednculo entre la Secretar\u00eda y los docentes-investigadores.  <\/p>\n\n\n\n<p>Est\u00e1 integrado por representantes designados ante la Secretar\u00eda por las Unidades Acad\u00e9micas y los Institutos de Investigaci\u00f3n; tambi\u00e9n participan  los Secretarios de Ciencia y T\u00e9cnica de las Facultades.\u00a0<\/p>\n","protected":false},"excerpt":{"rendered":"<p>Representantes delegados de las Unidades Acad\u00e9micas y de los Institutos de Investigaci\u00f3n de la UNJu se re\u00fanen peri\u00f3dicamente para abordar, resolver y llevar a sus unidades e institutos, diversos temas de que hacen a la gesti\u00f3n de los proyectos de investigaci\u00f3n cient\u00edfica. La Comisi\u00f3n sirve de v\u00ednculo entre la Secretar\u00eda y los docentes-investigadores. Est\u00e1 integrado &hellip; <a href=\"http:\/\/www.secter.unju.edu.ar\/index.php\/consejos-de-delegado-secter\/\" class=\"more-link\">Continu\u00e1 leyendo <span class=\"screen-reader-text\">Consejo de Ciencia y T\u00e9cnica<\/span> <span class=\"meta-nav\">&rarr;<\/span><\/a><\/p>\n","protected":false},"author":1,"featured_media":0,"parent":0,"menu_order":0,"comment_status":"closed","ping_status":"closed","template":"","meta":{"footnotes":""},"class_list":["post-7","page","type-page","status-publish","hentry"],"_links":{"self":[{"href":"http:\/\/www.secter.unju.edu.ar\/index.php\/wp-json\/wp\/v2\/pages\/7","targetHints":{"allow":["GET"]}}],"collection":[{"href":"http:\/\/www.secter.unju.edu.ar\/index.php\/wp-json\/wp\/v2\/pages"}],"about":[{"href":"http:\/\/www.secter.unju.edu.ar\/index.php\/wp-json\/wp\/v2\/types\/page"}],"author":[{"embeddable":true,"href":"http:\/\/www.secter.unju.edu.ar\/index.php\/wp-json\/wp\/v2\/users\/1"}],"replies":[{"embeddable":true,"href":"http:\/\/www.secter.unju.edu.ar\/index.php\/wp-json\/wp\/v2\/comments?post=7"}],"version-history":[{"count":2,"href":"http:\/\/www.secter.unju.edu.ar\/index.php\/wp-json\/wp\/v2\/pages\/7\/revisions"}],"predecessor-version":[{"id":252,"href":"http:\/\/www.secter.unju.edu.ar\/index.php\/wp-json\/wp\/v2\/pages\/7\/revisions\/252"}],"wp:attachment":[{"href":"http:\/\/www.secter.unju.edu.ar\/index.php\/wp-json\/wp\/v2\/media?parent=7"}],"curies":[{"name":"wp","href":"https:\/\/api.w.org\/{rel}","templated":true}]}}